{"id":28,"date":"2025-01-30T06:47:33","date_gmt":"2025-01-30T06:47:33","guid":{"rendered":"http:\/\/cebihanguvenlik.com.tr\/?page_id=28"},"modified":"2025-07-08T11:30:09","modified_gmt":"2025-07-08T11:30:09","slug":"mesmerize","status":"publish","type":"page","link":"http:\/\/cebihanguvenlik.com.tr\/","title":{"rendered":"Front Page"},"content":{"rendered":"<div  id=\"overlappable-4\" style=\"background-color: #ffffff;\" data-label=\"Overlappable\" data-id=\"overlappable-4\" data-export-id=\"overlappable-4\" data-category=\"overlappable\" class=\"overlappable-4 content-section content-section-spacing\" data-overlap=\"true\"><div  class=\"gridContainer\"> <div  data-type=\"row\" class=\"row spaced-cols text-center\"><div  class=\"col-xs-12 col-sm-4 col-padding\">  <div  data-type=\"column\" class=\"\"> <img  decoding=\"async\" class=\"custom-image\" src=\"http:\/\/cebihanguvenlik.com.tr\/wp-content\/uploads\/2025\/02\/KIBARC.png\" title=\"K\u0130BARC\" alt=\"\"><h5  class=\"\">Kibar \u00c7EB\u0130\n<br >(Y\u00f6netim Kurulu Ba\u015fkan\u0131)<\/h5> <p  class=\"\">1952 Trabzon do\u011fumlu, d\u00f6rt \u00e7ocuk babas\u0131, Ter\u00f6rle M\u00fccadele\u2019de 12 Eyl\u00fcl d\u00f6nemimde Ordunun Fatsa il\u00e7esinde g\u00f6revime ba\u015flam\u0131\u015f bulundum. Sonras\u0131nda Elaz\u0131\u011f \u015fark g\u00f6revimde Siyasi \u015eubede ve Ter\u00f6r Operasyonlar\u0131nda g\u00f6rev ald\u0131m. \u015eark hizmetimi tamamlad\u0131ktan sonra \u0130stanbul\u2019a tayin oldum ve K\u00fc\u00e7\u00fck\u00e7ekmece-Avc\u0131lar b\u00f6lgesinde ekip sorumlusu olarak sivil g\u00f6revime devam ettim. Son olarak Vatan Ter\u00f6rle M\u00fccadele \u015eube M\u00fcd\u00fcrl\u00fc\u011f\u00fc\u2019nden emekli olarak hizmetim sonlan\u0131nca \u00f6zel sekt\u00f6rde g\u00fcvenlik i\u015fine bir meslekta\u015f\u0131mla ortak olarak at\u0131ld\u0131m.2013 y\u0131l\u0131nda \u00e7ocuklar\u0131mla birlikte kendi firmam\u0131z\u0131 kurarak mesle\u011fimizden \u00e7okta uzak kalmadan \u015firketimizde aktif olarak hizmet vermekteyiz.<br >Hepinize sayg\u0131lar\u0131m\u0131 sunar\u0131m.<\/p><\/div> <\/div> <div  class=\"col-xs-12 col-sm-4 col-padding\">  <div  data-type=\"column\" class=\"\"><img  decoding=\"async\" class=\"custom-image\" src=\"http:\/\/cebihanguvenlik.com.tr\/wp-content\/uploads\/2025\/02\/UGURC.png\" title=\"UGURC\" alt=\"\"><h5  class=\"\">U\u011fur \u00c7EB\u0130\n<br >(Kurucu)<\/h5> <p  class=\"\">Firmam\u0131zda operasyon yetkilisi ve kurucu olarak aktif g\u00f6revimi s\u00fcrd\u00fcr\u00fcyorum. 1976 Trabzon n\u00fcfusuna kay\u0131tl\u0131 emniyet k\u00f6kenli bir ailenin evlad\u0131 olarak 1994 y\u0131l\u0131nda liseyi bitirdi\u011fim d\u00f6nemlerde Zeytinburnu\u2019nda \u00f6nem koruma ad\u0131yla faaliyet g\u00f6steren bir g\u00fcvenlik \u015firketinde mesle\u011fe at\u0131lm\u0131\u015f bulundum. Sonraki d\u00f6nemlerde B\u00fcy\u00fck\u00e7ekmece eski belediye ba\u015fkan\u0131 Ali \u00c7EB\u0130 ve ailesinin yan\u0131nda yak\u0131n koruma hizmetinde bulundum. Ambarl\u0131 Liman i\u015fletmelerinde g\u00fcmr\u00fckl\u00fc sahada tam yetkili \u00f6zel g\u00fcvenlik g\u00f6revlisi olarak devam ettim ard\u0131ndan k\u00f6kl\u00fc bir firma olan Abdi \u0130brahim \u0130la\u00e7 Sanayi \u0130dari \u0130\u015fler g\u00fcvenlik \u015fefi olarak mesle\u011fime devam ettim. 2013 y\u0131l\u0131nda kendi \u015firketimiz olan \u00c7ebi G\u00fcvenlik \u015firketini kurduk fakat ortaklar\u0131m\u0131z kendi i\u015f sahalar\u0131n\u0131 kurunca 2017 y\u0131l\u0131nda \u015firketimizi tasfiye edip \u00c7EB\u0130HAN \u00d6zel G\u00fcvenlik \u015firketini kurdum. M\u00fccadeleci, i\u015fini seven bir ruhla ilerlerken t\u00fcm ekibimizle i\u015fimizin hakk\u0131n\u0131 vermek i\u00e7in gayret ediyoruz. Sayg\u0131lar\u0131mla.<\/p><\/div> <\/div> <div  class=\"col-xs-12 col-sm-4 col-padding\">  <div  data-type=\"column\" class=\"\"><img  decoding=\"async\" class=\"custom-image\" src=\"http:\/\/cebihanguvenlik.com.tr\/wp-content\/uploads\/2025\/02\/FERDUN.png\" title=\"FERDUN\" alt=\"\"><h5  class=\"\">Ferudun TEKINER<br >(Firma Y\u00f6neticisi)<\/h5> <p  class=\"\">1955 Kastamonu do\u011fumlu iki \u00e7ocuk babas\u0131y\u0131m.1978 y\u0131l\u0131nda, \u0130stanbul Etiler Polis Okulu\u2019ndan  mezun oldum.1981\/1984 y\u0131llar\u0131nda \u0130stanbul \u00c7evik Kuvvet \u015eube M\u00fcd\u00fcrl\u00fc\u011f\u00fc, \u015ei\u015fli \u0130l\u00e7e Emniyet M\u00fcd\u00fcrl\u00fc\u011f\u00fc, Ey\u00fcp \u0130l\u00e7e Emniyet M\u00fcd\u00fcrl\u00fc\u011f\u00fc ve sonras\u0131nda Karaman Ermenek il\u00e7esinde 2 y\u0131l, 1989 y\u0131l\u0131nda Ad\u0131yaman Besni il\u00e7esinde, 1997 y\u0131l\u0131na kadar ise Ankara Asayi\u015f \u015eube M\u00fcd\u00fcrl\u00fc\u011f\u00fc; s\u0131ras\u0131yla Teknik B\u00fcro Amirli\u011fi GBT sertifikam olmas\u0131 nedeniyle \u00c7ankaya Merkez Karakolu, Ostim Karakol Amirli\u011fi, Asayi\u015f \u015eube M\u00fcd\u00fcrl\u00fc\u011f\u00fc Yankesicilik ve Doland\u0131r\u0131c\u0131l\u0131k B\u00fcro Amirli\u011fi\u2019nde ve Gasp B\u00fcro Amirli\u011fi\u2019nde grup amir vekilli\u011fi g\u00f6revinde bulundum.1997 y\u0131l\u0131nda kendi iste\u011fimle emekli olarak \u00f6zel sekt\u00f6rde g\u00fcvenlik hizmetinde ve g\u00fcvenlik okullar\u0131nda e\u011fitmen olarak da halen aktif olarak \u00f6\u011fretmenlik yap\u0131yorum.\u015eirketimiz \u00c7ebihan \u00d6zel G\u00fcvenlik\u2019te y\u00f6netici olarak g\u00f6rev yap\u0131yorum. \n<br >Herkese sayg\u0131lar\u0131m\u0131 sunar\u0131m.<\/p><\/div> <\/div><\/div> <\/div><\/div><div  id=\"hakkimizda\" style=\"background-color: #f5fafd;\" data-label=\"hakkimizda\" data-id=\"about-1\" data-export-id=\"about-1\" data-category=\"about\" class=\"about-1 content-section\"><div  class=\"gridContainer\"> <div  class=\"row text-center\"><div  class=\"section-title-col\" data-type=\"column\">  <h2  class=\"\">Hakk\u0131m\u0131zda<\/h2> <img decoding=\"async\"  class=\"custom-image\" src=\"http:\/\/cebihanguvenlik.com.tr\/wp-content\/uploads\/2025\/07\/tarihce.png\" title=\"tarihce\" alt=\"\"><\/div> <\/div> <div  class=\"row\"> <div  class=\"button-holder space-bottom space-bottom-small\" data-type=\"column\"> <\/div> <div  class=\"col-xs bottom-xs flexbox image-group-bottom-3-img space-bottom-xs center-xs\"> <img  decoding=\"async\" class=\"left-img shadow-large-black\" data-size=\"500x300\" src=\"http:\/\/cebihanguvenlik.com.tr\/wp-content\/uploads\/2025\/01\/back3.png\" title=\"back3\" alt=\"\"> <img  decoding=\"async\" class=\"center-img shadow-large-black\" data-size=\"500x300\" src=\"http:\/\/cebihanguvenlik.com.tr\/wp-content\/uploads\/2025\/02\/4.png\" title=\"4\" alt=\"\"> <img  decoding=\"async\" class=\"right-img shadow-large-black\" data-size=\"500x300\" src=\"http:\/\/cebihanguvenlik.com.tr\/wp-content\/uploads\/2025\/01\/back2.png\" title=\"back2\" alt=\"\"><\/div> <\/div><\/div> <\/div><div  id=\"hizmetlerimiz\" style=\"background-color: #ffffff;\" data-label=\"hizmetlerimiz\" data-id=\"features-12-card-bordered\" data-export-id=\"features-12-card-bordered\" data-category=\"features\" class=\"features-12-card-bordered content-section content-section-spacing \"><div  class=\"gridContainer\"> <div  class=\"row text-center\"><div  class=\"section-title-col\" data-type=\"column\"> <h2  class=\"\">Hizmetlerimiz<\/h2> <\/div> <\/div> <div  class=\"row spaced-cols center-sm content-center-sm\" data-type=\"row\"> <div  class=\"col-sm-6 col-md-4 \"> <div  class=\"card row-card bordered y-move\"> <div  class=\"row\"> <div  class=\"col-sm-fit icon-column\" data-preview-empty=\"1\">  <\/div> <div  class=\"col-sm\" data-type=\"column\">  <img  decoding=\"async\" class=\"custom-image\" src=\"http:\/\/cebihanguvenlik.com.tr\/wp-content\/uploads\/2025\/02\/cropped-hizmet1-1.png\" title=\"hizmet1\" alt=\"\"><h5  class=\"color2\">\u00d6ZEL G\u00dcVENL\u0130K<\/h5><p  class=\"\">\u00d6zel g\u00fcvenlik hizmeti vermek y\u00fcksek potansiyelli bir i\u015f olmakla birlikte kamusal sorumlulu\u011fu olan ve insanlar\u0131n can ve mal g\u00fcvenli\u011fini do\u011frudan etkileyen bir hizmet alan\u0131d\u0131r. Bu nedenle \u00f6zel g\u00fcvenlik hizmeti vermek i\u00e7in hem operasyonel hem de yasal olarak y\u00fcksek sorumlulu\u011fa ve kaliteli hizmet anlay\u0131\u015f\u0131na sahip olmak gereklidir.<\/p><\/div> <\/div><\/div> <\/div> <div  class=\"col-sm-6 col-md-4 \"> <div  class=\"card row-card bordered y-move\"> <div  class=\"row\"> <div  class=\"col-sm-fit icon-column\" data-preview-empty=\"1\">  <\/div> <div  class=\"col-sm\" data-type=\"column\"> <img  decoding=\"async\" class=\"custom-image\" src=\"http:\/\/cebihanguvenlik.com.tr\/wp-content\/uploads\/2025\/02\/cropped-yakinkoruma.png\" title=\"cropped-yakinkoruma.png\" alt=\"\"><h5  class=\"color2\">YAKIN KORUMA<\/h5> <p  class=\"\">Yak\u0131n koruma, genellikle \u201cVIP koruma\u201d veya \u201cki\u015fisel koruma\u201d olarak da adland\u0131r\u0131l\u0131r ve ki\u015filerin fiziksel g\u00fcvenliklerini ve gizliliklerini sa\u011flamak amac\u0131yla sunulan bir hizmettir. Bu hizmeti sa\u011flayan profesyoneller, \u00f6zel e\u011fitim alm\u0131\u015f ve tecr\u00fcbeli ki\u015filerden olu\u015fur. Ki\u015finin g\u00fcvenli\u011fini tehdit eden potansiyel riskleri \u00f6nlemek veya en aza indirmek i\u00e7in bir dizi strateji ve teknik kullan\u0131r.<\/p><\/div> <\/div><\/div> <\/div> <div  class=\"col-sm-6 col-md-4 \"> <div  class=\"card row-card bordered y-move\"> <div  class=\"row\"> <div  class=\"col-sm-fit icon-column\" data-preview-empty=\"1\">  <\/div> <div  class=\"col-sm\" data-type=\"column\"> <img  decoding=\"async\" class=\"custom-image\" src=\"http:\/\/cebihanguvenlik.com.tr\/wp-content\/uploads\/2025\/02\/cropped-stad.png\" title=\"cropped-stad.png\" alt=\"\"><h5  class=\"color2\">STAD VE M\u00dcSABAKA G\u00dcVENL\u0130\u011e\u0130<\/h5> <p  class=\"\">Stad g\u00fcvenli\u011fi (fiziki g\u00fcvenlik) spor m\u00fcsabakalar\u0131n\u0131n yap\u0131ld\u0131\u011f\u0131 alanlar ile eklenti ve \u00e7evresinde m\u00fcsabaka \u00f6ncesinde, m\u00fcsabaka esnas\u0131nda veya sonras\u0131nda \u015fiddetli rekabet ve bunun do\u011furdu\u011fu fanatizm sonucu \u00e7\u0131kacak olaylar\u0131n ya\u015fanmamas\u0131 i\u00e7in gerekli g\u00fcvenlik ve koruma \u00f6nlemleri al\u0131n\u0131r. <\/p><\/div> <\/div><\/div> <\/div> <div  class=\"col-sm-6 col-md-4 \"> <div  class=\"card row-card bordered y-move\"> <div  class=\"row\"> <div  class=\"col-sm-fit icon-column\" data-preview-empty=\"1\">  <\/div> <div  class=\"col-sm\" data-type=\"column\">  <img  decoding=\"async\" class=\"custom-image\" src=\"http:\/\/cebihanguvenlik.com.tr\/wp-content\/uploads\/2025\/02\/bodyguard.png\" title=\"bodyguard\" alt=\"\"><h5  class=\"color2\">DAVET &amp; ORGAN\u0130ZASYON\n<br >&nbsp;VIP BODYGUARD<\/h5><p  class=\"\">Bodyguard ki\u015filerin ya da bir mekan\u0131n korunmas\u0131ndan sorumlu koruma g\u00f6revlisidir. Bu mesle\u011fi yapabilmek i\u00e7in bir dizi e\u011fitimden ge\u00e7mek ve sertifika almak gerekir. Bu e\u011fitimlerin aras\u0131nda, ilkyard\u0131m, yak\u0131n d\u00f6v\u00fc\u015f ve teknik takip gibi \u00f6zel dersler de yer al\u0131yor. <\/p><\/div> <\/div><\/div> <\/div><div  class=\"col-sm-6 col-md-4 \"> <div  class=\"card row-card bordered y-move\"> <div  class=\"row\"> <div  class=\"col-sm-fit icon-column\" data-preview-empty=\"1\">  <\/div> <div  class=\"col-sm\" data-type=\"column\"> <img  decoding=\"async\" class=\"custom-image\" src=\"http:\/\/cebihanguvenlik.com.tr\/wp-content\/uploads\/2025\/02\/danisma.png\" title=\"dan\u0131sma\" alt=\"\"><h5  class=\"color2\">Y\u00d6NET\u0130M &amp; DANI\u015eMANLIK<\/h5> <p  class=\"\">Dan\u0131\u015fma g\u00f6revlisi, hizmet almak isteyenlere gerekli bilgiler sunan ve y\u00f6nlendirmelerde bulunan ki\u015fidir. \u00c7al\u0131\u015ft\u0131\u011f\u0131 kurum veya kurulu\u015fun \u00e7e\u015fitli departmanlar\u0131n\u0131 yak\u0131ndan tan\u0131r. \u00c7ayc\u0131 ve temizlik\u00e7ilerden idari personele kadar, t\u00fcm \u00e7al\u0131\u015fanlar hakk\u0131nda bilgi sahibidir. Dan\u0131\u015fma g\u00f6revlisi, dan\u0131\u015fman olarak da isimlendirilir. \u0130\u015fletmenin gerekliliklerine uygun olarak m\u00fc\u015fterileri veya ziyaret\u00e7ileri bilgilendirir.<\/p><\/div> <\/div><\/div> <\/div><div  class=\"col-sm-6 col-md-4 \"> <div  class=\"card row-card bordered y-move\"> <div  class=\"row\"> <div  class=\"col-sm-fit icon-column\" data-preview-empty=\"1\">  <\/div> <div  class=\"col-sm\" data-type=\"column\"> <img  decoding=\"async\" class=\"custom-image\" src=\"http:\/\/cebihanguvenlik.com.tr\/wp-content\/uploads\/2025\/02\/kamera.png\" title=\"kamera\" alt=\"\"><h5  class=\"color2\">G\u00dcVENL\u0130K S\u0130STEMLER\u0130<\/h5> <p  class=\"\">G\u00fcvenlik kameras\u0131 (CCTV Kameras\u0131), di\u011fer ad\u0131yla g\u00f6zetim kameras\u0131, belirli alanlar\u0131n g\u00fcvenli\u011fini art\u0131rmak ve faaliyetleri izlemek i\u00e7in video g\u00f6r\u00fcnt\u00fclerini yakalayan ve kaydeden bir cihazd\u0131r. Modern g\u00fcvenlik sistemlerinin vazge\u00e7ilmez bile\u015fenleri olan g\u00fcvenlik kameralar\u0131, olaylar\u0131 \u00f6nlemeye ve ara\u015ft\u0131rmaya yard\u0131mc\u0131 olmak i\u00e7in ger\u00e7ek zamanl\u0131 izleme ve kay\u0131t yetenekleri sa\u011flar.<\/p><\/div> <\/div><\/div> <\/div><\/div> <\/div><\/div><div  id=\"referanslar\" style=\"background-color: rgb(245, 250, 253); background-image: none;\" data-label=\"referanslar\" data-id=\"portfolio-4\" data-export-id=\"portfolio-4\" data-category=\"portfolio\" class=\"portfolio-4 content-section content-section-spacing-top\"><div  class=\"\"> <div  class=\"row text-center\"><div  class=\"section-title-col\" data-type=\"column\"> <h2  class=\"\">Referanslar\u0131m\u0131z<\/h2> <p  class=\"lead\">Referanslar\u0131m\u0131z\u0131n bir k\u0131sm\u0131 gizlilik nedeniyle payla\u015f\u0131ma kapal\u0131d\u0131r. Payla\u015f\u0131ma a\u00e7\u0131k referanslar\u0131m\u0131z a\u015fa\u011f\u0131dad\u0131r.<\/p><img  decoding=\"async\" class=\"custom-image\" src=\"http:\/\/cebihanguvenlik.com.tr\/wp-content\/uploads\/2025\/02\/1-1.png\" title=\"1\" alt=\"\"><img  decoding=\"async\" class=\"custom-image\" src=\"http:\/\/cebihanguvenlik.com.tr\/wp-content\/uploads\/2025\/02\/2-1.png\" title=\"2\" alt=\"\"><img  decoding=\"async\" class=\"custom-image\" src=\"http:\/\/cebihanguvenlik.com.tr\/wp-content\/uploads\/2025\/02\/3-1.png\" title=\"3\" alt=\"\"><img  decoding=\"async\" class=\"custom-image\" src=\"http:\/\/cebihanguvenlik.com.tr\/wp-content\/uploads\/2025\/02\/1-2.png\" title=\"1\" alt=\"\"><img  decoding=\"async\" class=\"custom-image\" src=\"http:\/\/cebihanguvenlik.com.tr\/wp-content\/uploads\/2025\/02\/2-2.png\" title=\"2\" alt=\"\"><img  decoding=\"async\" class=\"custom-image\" src=\"http:\/\/cebihanguvenlik.com.tr\/wp-content\/uploads\/2025\/02\/3-2.png\" title=\"3\" alt=\"\"><img  decoding=\"async\" class=\"custom-image\" src=\"http:\/\/cebihanguvenlik.com.tr\/wp-content\/uploads\/2025\/02\/4-1.png\" title=\"4\" alt=\"\"><img  decoding=\"async\" class=\"custom-image\" src=\"http:\/\/cebihanguvenlik.com.tr\/wp-content\/uploads\/2025\/02\/5.png\" title=\"5\" alt=\"\"><img  decoding=\"async\" class=\"custom-image\" src=\"http:\/\/cebihanguvenlik.com.tr\/wp-content\/uploads\/2025\/02\/6.png\" title=\"6\" alt=\"\"><img  decoding=\"async\" class=\"custom-image\" src=\"http:\/\/cebihanguvenlik.com.tr\/wp-content\/uploads\/2025\/02\/7.png\" title=\"7\" alt=\"\"><img  decoding=\"async\" class=\"custom-image\" src=\"http:\/\/cebihanguvenlik.com.tr\/wp-content\/uploads\/2025\/02\/8.png\" title=\"8\" alt=\"\"><img  decoding=\"async\" class=\"custom-image\" src=\"http:\/\/cebihanguvenlik.com.tr\/wp-content\/uploads\/2025\/02\/9.png\" title=\"9\" alt=\"\"><img  decoding=\"async\" class=\"custom-image\" src=\"http:\/\/cebihanguvenlik.com.tr\/wp-content\/uploads\/2025\/02\/10.png\" title=\"10\" alt=\"\"><img  decoding=\"async\" class=\"custom-image\" src=\"http:\/\/cebihanguvenlik.com.tr\/wp-content\/uploads\/2025\/02\/11.png\" title=\"11\" alt=\"\"><a  data-cp-link=\"1\" href=\"#\" class=\"\"><img  decoding=\"async\" class=\"custom-image\" src=\"http:\/\/cebihanguvenlik.com.tr\/wp-content\/uploads\/2025\/02\/12.png\" title=\"12\" alt=\"\"><\/a><\/div> <\/div> <div  data-type=\"row\" class=\"row\" data-fixed=\"true\">        <div  class=\"col-xs-12 col-sm-3 no-gutter-col\"><div  class=\"contentswap-effect\" data-hover-fx=\"portfolio-4\"> <div  class=\"initial-image\"> <img  decoding=\"async\" data-size=\"542x360\" src=\"\"><\/div> <div  class=\"overlay bg-color1\"><\/div> <div  class=\"swap-inner col-xs-12\"> <div  class=\"row full-height-row middle-xs middle-sm\"> <div  class=\"col-xs-12 text-center content-holder\"> <a  href=\"#\" target=\"_self\"><i  class=\"fa icon portfolio-icon fa-search big\" aria-hidden=\"true\"><\/i><\/a><\/div> <\/div><\/div> <\/div><\/div> <\/div><\/div> <\/div><div  id=\"yorumlar\" style=\"background-color: #ffffff;\" data-label=\"yorumlar\" data-id=\"testimonials-5\" data-export-id=\"testimonials-5\" data-category=\"testimonials\" class=\"testimonials-5 content-section content-section-spacing\"><div  class=\"gridContainer\"> <div  class=\"row\"><div  data-type=\"column\" class=\"section-title-col\"> <h2  class=\"\">Yorumlar<\/h2> <p  class=\"lead\">Sizlerden gelen yorumlar;<\/p><\/div> <\/div> <div  class=\"row spaced-cols content-center-sm\" data-type=\"row\"> <div  class=\"col-xs-12 col-sm-6 col-md-4\"> <div  class=\"card y-move bordered\" data-type=\"column\"> <i  class=\"fa fa-quote-right icon color1 small quotation-icon\"><\/i> <p  class=\"text-center\">Oturmu\u015f oldu\u011fumuz sitede 7\/24 kendimizi g\u00fcven i\u00e7erisinde hissediyoruz. Personellerinizin sayg\u0131 ve yard\u0131m severli\u011fi i\u00e7inde ayr\u0131ca te\u015fekk\u00fcrler.<\/p>  <h6  class=\"\">V.\u00d6.<\/h6> <\/div> <\/div> <div  class=\"col-xs-12 col-sm-6 col-md-4\"> <div  class=\"card y-move bordered\" data-type=\"column\"> <i  class=\"fa fa-quote-right icon color1 small quotation-icon\"><\/i> <p  class=\"text-center\">Yabanc\u0131 misafirlerimizi a\u011f\u0131rlad\u0131\u011f\u0131m\u0131z davette sizi tercih ettik ve hi\u00e7 pi\u015fman olmad\u0131k. Etkinli\u011fimizin her a\u015famas\u0131nda bizlere yard\u0131mc\u0131 oldu\u011funuz i\u00e7in te\u015fekk\u00fcrler. Bundan sonraki davetlerimizde yine beraber \u00e7al\u0131\u015faca\u011f\u0131z.<\/p>  <h6  class=\"\">A.U.<\/h6> <\/div> <\/div> <div  class=\"col-xs-12 col-sm-6 col-md-4\"> <div  class=\"card y-move bordered\" data-type=\"column\"> <i  class=\"fa fa-quote-right icon color1 small quotation-icon\"><\/i> <p  class=\"text-center\">Fabrikam\u0131za yapt\u0131rm\u0131\u015f oldu\u011fumuz g\u00fcvenlik kameralar\u0131n\u0131 aktif olarak kullan\u0131yoruz. Herhangi bir konuda arad\u0131\u011f\u0131m\u0131zda 7\/24 ula\u015fabilmek ve \u00e7\u00f6z\u00fcm odakl\u0131 olman\u0131z m\u00fckemmel.<\/p>  <h6  class=\"\">B.\u00c7.<\/h6> <\/div> <\/div><\/div> <\/div><\/div><div  id=\"iletisim\" data-label=\"iletisim\" data-id=\"contact-1\" data-export-id=\"contact-1\" data-category=\"contact\" class=\"contact-1 content-section content-section-spacing white-text\" data-parallax-depth=\"20\"><div  class=\"gridContainer\"> <div  class=\"row text-center\"><div  class=\"section-title-col\" data-type=\"column\"> <h2  class=\"\">\u0130leti\u015fim<\/h2> <a  class=\"button blue\" href=\"https:\/\/www.google.com\/maps\/dir\/40.9789827,28.7180453\/%C3%87EB%C4%B0HAN+G%C3%9CVENL%C4%B0K+Yorumlar\/@40.9839413,28.7129605,16z\/data=!3m1!4b1!4m9!4m8!1m1!4e1!1m5!1m1!1s0x14caa10d45764e8f:0xd2c99ae70b47ad1!2m2!1d28.7159446!2d40.9890464?entry=ttu&amp;g_ep=EgoyMDI1MDEyNy4wIKXMDSoASAFQAw%3D%3D\" target=\"_blank\" data-cp-link=\"1\">HAR\u0130TALARDA A\u00c7<\/a><img decoding=\"async\"  class=\"custom-image\" src=\"http:\/\/cebihanguvenlik.com.tr\/wp-content\/uploads\/2025\/04\/Paragraf-metniniz.png\" title=\"Paragraf metniniz\" alt=\"\"><\/div> <\/div> <div  class=\"row text-center\"> <div  class=\"col-xs-12 col-sm-8 col-sm-offset-2 contact-form-wrapper inline-info\"> <div  class=\"card large-padding\"> <div  class=\"\" data-content-shortcode=\"mesmerize_contact_form\" data-editable=\"true\"><p style=\"text-align:center;color:#ababab\">Contact form will be displayed here. To activate it you have to set the \"contact form shortcode\" parameter in Customizer.<\/p><\/div><\/div> <\/div><\/div> <\/div><\/div>","protected":false},"excerpt":{"rendered":"<p>Kibar \u00c7EB\u0130 (Y\u00f6netim Kurulu Ba\u015fkan\u0131) 1952 Trabzon do\u011fumlu, d\u00f6rt \u00e7ocuk babas\u0131, Ter\u00f6rle M\u00fccadele\u2019de 12 Eyl\u00fcl d\u00f6nemimde Ordunun Fatsa il\u00e7esinde g\u00f6revime ba\u015flam\u0131\u015f bulundum. Sonras\u0131nda Elaz\u0131\u011f \u015fark g\u00f6revimde Siyasi \u015eubede ve Ter\u00f6r Operasyonlar\u0131nda g\u00f6rev ald\u0131m. \u015eark hizmetimi tamamlad\u0131ktan sonra \u0130stanbul\u2019a tayin oldum ve K\u00fc\u00e7\u00fck\u00e7ekmece-Avc\u0131lar b\u00f6lgesinde ekip sorumlusu olarak sivil g\u00f6revime devam ettim. Son olarak Vatan Ter\u00f6rle M\u00fccadele&hellip; <br \/> <a class=\"read-more\" href=\"http:\/\/cebihanguvenlik.com.tr\/\">Devam\u0131<\/a><\/p>\n","protected":false},"author":1,"featured_media":0,"parent":0,"menu_order":0,"comment_status":"closed","ping_status":"closed","template":"page-templates\/homepage.php","meta":{"footnotes":""},"class_list":["post-28","page","type-page","status-publish","hentry"],"_links":{"self":[{"href":"http:\/\/cebihanguvenlik.com.tr\/index.php?rest_route=\/wp\/v2\/pages\/28","targetHints":{"allow":["GET"]}}],"collection":[{"href":"http:\/\/cebihanguvenlik.com.tr\/index.php?rest_route=\/wp\/v2\/pages"}],"about":[{"href":"http:\/\/cebihanguvenlik.com.tr\/index.php?rest_route=\/wp\/v2\/types\/page"}],"author":[{"embeddable":true,"href":"http:\/\/cebihanguvenlik.com.tr\/index.php?rest_route=\/wp\/v2\/users\/1"}],"replies":[{"embeddable":true,"href":"http:\/\/cebihanguvenlik.com.tr\/index.php?rest_route=%2Fwp%2Fv2%2Fcomments&post=28"}],"version-history":[{"count":48,"href":"http:\/\/cebihanguvenlik.com.tr\/index.php?rest_route=\/wp\/v2\/pages\/28\/revisions"}],"predecessor-version":[{"id":241,"href":"http:\/\/cebihanguvenlik.com.tr\/index.php?rest_route=\/wp\/v2\/pages\/28\/revisions\/241"}],"wp:attachment":[{"href":"http:\/\/cebihanguvenlik.com.tr\/index.php?rest_route=%2Fwp%2Fv2%2Fmedia&parent=28"}],"curies":[{"name":"wp","href":"https:\/\/api.w.org\/{rel}","templated":true}]}}